{"id":496,"date":"2026-02-27T18:26:12","date_gmt":"2026-02-27T18:26:12","guid":{"rendered":"https:\/\/outsourcing-forum.org\/VM-Berlin-2026\/?page_id=496"},"modified":"2026-03-19T14:22:11","modified_gmt":"2026-03-19T14:22:11","slug":"ict-portugal-2026-marktstudie","status":"publish","type":"page","link":"https:\/\/outsourcing-forum.org\/Portugal-ICT\/index.php\/ict-portugal-2026-marktstudie\/","title":{"rendered":"ICT Portugal 2026 Marktstudie"},"content":{"rendered":"\t\t<div data-elementor-type=\"wp-page\" data-elementor-id=\"496\" class=\"elementor elementor-496\">\n\t\t\t\t<div class=\"elementor-element elementor-element-8294c5d e-flex e-con-boxed wpr-equal-height-no e-con e-parent\" data-id=\"8294c5d\" data-element_type=\"container\" data-e-type=\"container\">\n\t\t\t\t\t<div class=\"e-con-inner\">\n\t\t<div class=\"elementor-element elementor-element-45520a0 e-con-full e-flex wpr-equal-height-no e-con e-child\" data-id=\"45520a0\" data-element_type=\"container\" data-e-type=\"container\">\n\t\t\t\t<div class=\"elementor-element elementor-element-924c8eb wpr-main-menu-align-left wpr-main-menu-align--tabletleft wpr-main-menu-align--mobileleft wpr-pointer-underline wpr-pointer-line-fx wpr-pointer-fx-fade wpr-sub-icon-caret-down wpr-sub-menu-fx-fade wpr-nav-menu-bp-mobile wpr-mobile-menu-full-width wpr-mobile-menu-item-align-center wpr-mobile-toggle-v1 wpr-sub-divider-yes wpr-mobile-divider-yes elementor-widget elementor-widget-wpr-nav-menu\" data-id=\"924c8eb\" data-element_type=\"widget\" data-e-type=\"widget\" data-settings=\"{&quot;menu_layout&quot;:&quot;horizontal&quot;}\" data-widget_type=\"wpr-nav-menu.default\">\n\t\t\t\t\t<nav class=\"wpr-nav-menu-container wpr-nav-menu-horizontal\" data-trigger=\"hover\" data-consider-header=\"\" data-scroll-speed=\"500\"><ul id=\"menu-1-924c8eb\" class=\"wpr-nav-menu\"><li class=\"menu-item menu-item-type-post_type menu-item-object-page menu-item-home menu-item-211\"><a href=\"https:\/\/outsourcing-forum.org\/Portugal-ICT\/\" class=\"wpr-menu-item wpr-pointer-item\">Home<\/a><\/li>\n<li class=\"menu-item menu-item-type-post_type menu-item-object-page menu-item-569\"><a href=\"https:\/\/outsourcing-forum.org\/Portugal-ICT\/index.php\/veranstalter\/\" class=\"wpr-menu-item wpr-pointer-item\">Veranstalter<\/a><\/li>\n<li class=\"menu-item menu-item-type-post_type menu-item-object-page menu-item-567\"><a href=\"https:\/\/outsourcing-forum.org\/Portugal-ICT\/index.php\/ict-portugal-2026-marktstudie\/\" class=\"wpr-menu-item wpr-pointer-item\">Studie<\/a><\/li>\n<li class=\"menu-item menu-item-type-post_type menu-item-object-page menu-item-568\"><a href=\"https:\/\/outsourcing-forum.org\/Portugal-ICT\/index.php\/partner\/\" class=\"wpr-menu-item wpr-pointer-item\">Partner<\/a><\/li>\n<li class=\"menu-item menu-item-type-post_type menu-item-object-page menu-item-566\"><a href=\"https:\/\/outsourcing-forum.org\/Portugal-ICT\/index.php\/verantsaltungsort\/\" class=\"wpr-menu-item wpr-pointer-item\">Ort<\/a><\/li>\n<\/ul><\/nav><nav class=\"wpr-mobile-nav-menu-container\"><div class=\"wpr-mobile-toggle-wrap\"><div class=\"wpr-mobile-toggle\"><span class=\"wpr-mobile-toggle-line\"><\/span><span class=\"wpr-mobile-toggle-line\"><\/span><span class=\"wpr-mobile-toggle-line\"><\/span><\/div><\/div><ul id=\"mobile-menu-2-924c8eb\" class=\"wpr-mobile-nav-menu\"><li class=\"menu-item menu-item-type-post_type menu-item-object-page menu-item-home menu-item-211\"><a href=\"https:\/\/outsourcing-forum.org\/Portugal-ICT\/\" class=\"wpr-mobile-menu-item\">Home<\/a><\/li>\n<li class=\"menu-item menu-item-type-post_type menu-item-object-page menu-item-569\"><a href=\"https:\/\/outsourcing-forum.org\/Portugal-ICT\/index.php\/veranstalter\/\" class=\"wpr-mobile-menu-item\">Veranstalter<\/a><\/li>\n<li class=\"menu-item menu-item-type-post_type menu-item-object-page menu-item-567\"><a href=\"https:\/\/outsourcing-forum.org\/Portugal-ICT\/index.php\/ict-portugal-2026-marktstudie\/\" class=\"wpr-mobile-menu-item\">Studie<\/a><\/li>\n<li class=\"menu-item menu-item-type-post_type menu-item-object-page menu-item-568\"><a href=\"https:\/\/outsourcing-forum.org\/Portugal-ICT\/index.php\/partner\/\" class=\"wpr-mobile-menu-item\">Partner<\/a><\/li>\n<li class=\"menu-item menu-item-type-post_type menu-item-object-page menu-item-566\"><a href=\"https:\/\/outsourcing-forum.org\/Portugal-ICT\/index.php\/verantsaltungsort\/\" class=\"wpr-mobile-menu-item\">Ort<\/a><\/li>\n<\/ul><\/nav>\t\t\t\t<\/div>\n\t\t\t\t<\/div>\n\t\t<div class=\"elementor-element elementor-element-c4fa5a2 e-con-full e-flex wpr-equal-height-no e-con e-child\" data-id=\"c4fa5a2\" data-element_type=\"container\" data-e-type=\"container\">\n\t\t\t\t<\/div>\n\t\t<div class=\"elementor-element elementor-element-5f7f428 e-con-full e-flex wpr-equal-height-no e-con e-child\" data-id=\"5f7f428\" data-element_type=\"container\" data-e-type=\"container\">\n\t\t\t\t<div class=\"elementor-element elementor-element-b7e39c3 elementor-widget elementor-widget-image\" data-id=\"b7e39c3\" data-element_type=\"widget\" data-e-type=\"widget\" data-widget_type=\"image.default\">\n\t\t\t\t\t\t\t\t\t\t\t\t\t\t\t<img fetchpriority=\"high\" decoding=\"async\" width=\"800\" height=\"113\" src=\"https:\/\/outsourcing-forum.org\/Portugal-ICT\/wp-content\/uploads\/2026\/03\/logo_banner_PT_event_update_1200-1024x145.png\" class=\"attachment-large size-large wp-image-672\" alt=\"\" srcset=\"https:\/\/outsourcing-forum.org\/Portugal-ICT\/wp-content\/uploads\/2026\/03\/logo_banner_PT_event_update_1200-1024x145.png 1024w, https:\/\/outsourcing-forum.org\/Portugal-ICT\/wp-content\/uploads\/2026\/03\/logo_banner_PT_event_update_1200-300x43.png 300w, https:\/\/outsourcing-forum.org\/Portugal-ICT\/wp-content\/uploads\/2026\/03\/logo_banner_PT_event_update_1200-768x109.png 768w, https:\/\/outsourcing-forum.org\/Portugal-ICT\/wp-content\/uploads\/2026\/03\/logo_banner_PT_event_update_1200.png 1200w\" sizes=\"(max-width: 800px) 100vw, 800px\" \/>\t\t\t\t\t\t\t\t\t\t\t\t\t\t\t<\/div>\n\t\t\t\t<\/div>\n\t\t\t\t\t<\/div>\n\t\t\t\t<\/div>\n\t\t<div class=\"elementor-element elementor-element-f8b60db e-flex e-con-boxed wpr-equal-height-no e-con e-parent\" data-id=\"f8b60db\" data-element_type=\"container\" data-e-type=\"container\" data-settings=\"{&quot;background_background&quot;:&quot;classic&quot;}\">\n\t\t\t\t\t<div class=\"e-con-inner\">\n\t\t\t\t<div class=\"elementor-element elementor-element-0a208ce elementor-widget elementor-widget-text-editor\" data-id=\"0a208ce\" data-element_type=\"widget\" data-e-type=\"widget\" data-widget_type=\"text-editor.default\">\n\t\t\t\t\t\t\t\t\t<p><span style=\"color: #ffffff;\">ICT Sektorstudie<\/span><\/p>\t\t\t\t\t\t\t\t<\/div>\n\t\t\t\t<div class=\"elementor-element elementor-element-ec8c377 elementor-widget elementor-widget-text-editor\" data-id=\"ec8c377\" data-element_type=\"widget\" data-e-type=\"widget\" data-widget_type=\"text-editor.default\">\n\t\t\t\t\t\t\t\t\t<p>Daten und Einblicke zum portugiesischen IKT Sektor<\/p>\t\t\t\t\t\t\t\t<\/div>\n\t\t\t\t\t<\/div>\n\t\t\t\t<\/div>\n\t\t<div class=\"elementor-element elementor-element-d74df0d e-flex e-con-boxed wpr-equal-height-no e-con e-parent\" data-id=\"d74df0d\" data-element_type=\"container\" data-e-type=\"container\">\n\t\t\t\t\t<div class=\"e-con-inner\">\n\t\t<div class=\"elementor-element elementor-element-f33a79d e-con-full e-flex wpr-equal-height-no e-con e-child\" data-id=\"f33a79d\" data-element_type=\"container\" data-e-type=\"container\">\n\t\t\t\t<div class=\"elementor-element elementor-element-905ca41 elementor-widget elementor-widget-text-editor\" data-id=\"905ca41\" data-element_type=\"widget\" data-e-type=\"widget\" data-widget_type=\"text-editor.default\">\n\t\t\t\t\t\t\t\t\t<p>Neue Marktstudie<\/p>\t\t\t\t\t\t\t\t<\/div>\n\t\t\t\t<div class=\"elementor-element elementor-element-df273d2 elementor-widget elementor-widget-text-editor\" data-id=\"df273d2\" data-element_type=\"widget\" data-e-type=\"widget\" data-widget_type=\"text-editor.default\">\n\t\t\t\t\t\t\t\t\t<p>Portugal&#8217;s IKT-Sektor in 2026<\/p>\t\t\t\t\t\t\t\t<\/div>\n\t\t\t\t<div class=\"elementor-element elementor-element-b7080f4 elementor-widget elementor-widget-text-editor\" data-id=\"b7080f4\" data-element_type=\"widget\" data-e-type=\"widget\" data-widget_type=\"text-editor.default\">\n\t\t\t\t\t\t\t\t\t<p>Portugals IKT-Sektor hat sich zu einer der dynamischsten und exportorientiertesten Branchen des Landes entwickelt und vereint eine starke Dienstleistungsbasis mit einem wachsenden Innovations\u00f6kosystem. Der Markt zeichnet sich durch eine hohe Konzentration an Softwareentwicklung, IT-Dienstleistungen, Nearshoring und Shared-Service-Centern aus, unterst\u00fctzt durch wettbewerbsf\u00e4hige Arbeitskosten im Vergleich zu Westeuropa und eine mehrsprachige, technisch versierte Belegschaft.<\/p><p>Wir m\u00f6chten Ihnen mehr Transparenz f\u00fcr Ihre potenziellen Kunden in Deutschland und anderen europ\u00e4ischen\/globalen M\u00e4rkten bieten, indem wir Marktdaten und Erkenntnisse generieren, die Portugals IKT-Kompetenz verdeutlichen.<\/p><p>Dies ist eine Initiative der portugiesischen und deutschen IKT-Branchen zur F\u00f6rderung der Zusammenarbeit zwischen den L\u00e4ndern im IKT-Bereich. <strong>Die Studie wird ab 21.April 2026 zum kostenlosen Download bereit stehen.<\/strong><\/p>\t\t\t\t\t\t\t\t<\/div>\n\t\t\t\t<div class=\"elementor-element elementor-element-8f696e4 elementor-widget elementor-widget-text-editor\" data-id=\"8f696e4\" data-element_type=\"widget\" data-e-type=\"widget\" data-widget_type=\"text-editor.default\">\n\t\t\t\t\t\t\t\t\t<p><strong><a href=\"https:\/\/form.jotform.com\/260382607210044\" target=\"_blank\" rel=\"noopener\">Take the survey here<\/a><\/strong> (english, for Portuguese ICT companies or companies with delivery centres in Portugal)<\/p>\t\t\t\t\t\t\t\t<\/div>\n\t\t\t\t<\/div>\n\t\t<div class=\"elementor-element elementor-element-f12869a e-con-full e-flex wpr-equal-height-no e-con e-child\" data-id=\"f12869a\" data-element_type=\"container\" data-e-type=\"container\">\n\t\t\t\t<div class=\"elementor-element elementor-element-860e19e elementor-widget elementor-widget-image\" data-id=\"860e19e\" data-element_type=\"widget\" data-e-type=\"widget\" data-widget_type=\"image.default\">\n\t\t\t\t\t\t\t\t\t\t\t\t\t\t\t<img decoding=\"async\" width=\"724\" height=\"1024\" src=\"https:\/\/outsourcing-forum.org\/Portugal-ICT\/wp-content\/uploads\/2026\/03\/Portugal-ICT-2025_production-12_cover_12_1000-724x1024.jpg\" class=\"attachment-large size-large wp-image-609\" alt=\"\" srcset=\"https:\/\/outsourcing-forum.org\/Portugal-ICT\/wp-content\/uploads\/2026\/03\/Portugal-ICT-2025_production-12_cover_12_1000-724x1024.jpg 724w, https:\/\/outsourcing-forum.org\/Portugal-ICT\/wp-content\/uploads\/2026\/03\/Portugal-ICT-2025_production-12_cover_12_1000-212x300.jpg 212w, https:\/\/outsourcing-forum.org\/Portugal-ICT\/wp-content\/uploads\/2026\/03\/Portugal-ICT-2025_production-12_cover_12_1000-768x1086.jpg 768w, https:\/\/outsourcing-forum.org\/Portugal-ICT\/wp-content\/uploads\/2026\/03\/Portugal-ICT-2025_production-12_cover_12_1000.jpg 1000w\" sizes=\"(max-width: 724px) 100vw, 724px\" \/>\t\t\t\t\t\t\t\t\t\t\t\t\t\t\t<\/div>\n\t\t\t\t<\/div>\n\t\t\t\t\t<\/div>\n\t\t\t\t<\/div>\n\t\t<div class=\"elementor-element elementor-element-b1f63c7 e-flex e-con-boxed wpr-equal-height-no e-con e-parent\" data-id=\"b1f63c7\" data-element_type=\"container\" data-e-type=\"container\">\n\t\t\t\t\t<div class=\"e-con-inner\">\n\t\t<div class=\"elementor-element elementor-element-5cc529c e-con-full e-flex wpr-equal-height-no e-con e-child\" data-id=\"5cc529c\" data-element_type=\"container\" data-e-type=\"container\">\n\t\t\t\t<div class=\"elementor-element elementor-element-29bd1d7 elementor-widget elementor-widget-text-editor\" data-id=\"29bd1d7\" data-element_type=\"widget\" data-e-type=\"widget\" data-widget_type=\"text-editor.default\">\n\t\t\t\t\t\t\t\t\t<p>Aktuelle Marktstudie<\/p>\t\t\t\t\t\t\t\t<\/div>\n\t\t\t\t<div class=\"elementor-element elementor-element-20c2d55 elementor-widget elementor-widget-text-editor\" data-id=\"20c2d55\" data-element_type=\"widget\" data-e-type=\"widget\" data-widget_type=\"text-editor.default\">\n\t\t\t\t\t\t\t\t\t<p>Deutschsprachige Fachkr\u00e4fte in Portugal<\/p>\t\t\t\t\t\t\t\t<\/div>\n\t\t\t\t<div class=\"elementor-element elementor-element-ef7d8ab elementor-widget elementor-widget-text-editor\" data-id=\"ef7d8ab\" data-element_type=\"widget\" data-e-type=\"widget\" data-widget_type=\"text-editor.default\">\n\t\t\t\t\t\t\t\t\t<p>Diese Studie analysiert Angebot und Nachfrage deutschsprachiger Arbeitskr\u00e4fte in Portugal und richtet sich an Personalvermittler, Analysten und alle, die im Dienstleistungssektor mit Bezug zum deutschsprachigen Markt t\u00e4tig sind.<\/p><p><strong>Die Studie steht <a href=\"https:\/\/outsourcing-verband.org\/downloads\/\" target=\"_blank\" rel=\"noopener\">hier kostenlos<\/a> zum Download bereit.<\/strong><\/p>\t\t\t\t\t\t\t\t<\/div>\n\t\t\t\t<\/div>\n\t\t<div class=\"elementor-element elementor-element-996822e e-con-full e-flex wpr-equal-height-no e-con e-child\" data-id=\"996822e\" data-element_type=\"container\" data-e-type=\"container\">\n\t\t\t\t<div class=\"elementor-element elementor-element-81fdc71 elementor-widget elementor-widget-image\" data-id=\"81fdc71\" data-element_type=\"widget\" data-e-type=\"widget\" data-widget_type=\"image.default\">\n\t\t\t\t\t\t\t\t\t\t\t\t\t\t\t<img decoding=\"async\" width=\"800\" height=\"449\" src=\"https:\/\/outsourcing-forum.org\/Portugal-ICT\/wp-content\/uploads\/2026\/03\/Portugal_German-talent_MOCKUP_1200px-1024x575.png\" class=\"attachment-large size-large wp-image-522\" alt=\"\" srcset=\"https:\/\/outsourcing-forum.org\/Portugal-ICT\/wp-content\/uploads\/2026\/03\/Portugal_German-talent_MOCKUP_1200px-1024x575.png 1024w, https:\/\/outsourcing-forum.org\/Portugal-ICT\/wp-content\/uploads\/2026\/03\/Portugal_German-talent_MOCKUP_1200px-300x169.png 300w, https:\/\/outsourcing-forum.org\/Portugal-ICT\/wp-content\/uploads\/2026\/03\/Portugal_German-talent_MOCKUP_1200px-768x431.png 768w, https:\/\/outsourcing-forum.org\/Portugal-ICT\/wp-content\/uploads\/2026\/03\/Portugal_German-talent_MOCKUP_1200px.png 1200w\" sizes=\"(max-width: 800px) 100vw, 800px\" \/>\t\t\t\t\t\t\t\t\t\t\t\t\t\t\t<\/div>\n\t\t\t\t<\/div>\n\t\t\t\t\t<\/div>\n\t\t\t\t<\/div>\n\t\t<div class=\"elementor-element elementor-element-155e958 e-flex e-con-boxed wpr-equal-height-no e-con e-parent\" data-id=\"155e958\" data-element_type=\"container\" data-e-type=\"container\" data-settings=\"{&quot;background_background&quot;:&quot;classic&quot;}\">\n\t\t\t\t\t<div class=\"e-con-inner\">\n\t\t<div class=\"elementor-element elementor-element-00c572a e-con-full e-flex wpr-equal-height-no e-con e-child\" data-id=\"00c572a\" data-element_type=\"container\" data-e-type=\"container\">\n\t\t\t\t<div class=\"elementor-element elementor-element-59f0d9d elementor-widget elementor-widget-text-editor\" data-id=\"59f0d9d\" data-element_type=\"widget\" data-e-type=\"widget\" data-widget_type=\"text-editor.default\">\n\t\t\t\t\t\t\t\t\t<p>Mitwirkende<\/p>\t\t\t\t\t\t\t\t<\/div>\n\t\t\t\t<div class=\"elementor-element elementor-element-3b46014 elementor-widget-divider--view-line elementor-widget elementor-widget-divider\" data-id=\"3b46014\" data-element_type=\"widget\" data-e-type=\"widget\" data-widget_type=\"divider.default\">\n\t\t\t\t\t\t\t<div class=\"elementor-divider\">\n\t\t\t<span class=\"elementor-divider-separator\">\n\t\t\t\t\t\t<\/span>\n\t\t<\/div>\n\t\t\t\t\t\t<\/div>\n\t\t\t\t<div class=\"elementor-element elementor-element-6091c24 elementor-widget elementor-widget-image\" data-id=\"6091c24\" data-element_type=\"widget\" data-e-type=\"widget\" data-widget_type=\"image.default\">\n\t\t\t\t\t\t\t\t\t\t\t\t\t\t\t<img loading=\"lazy\" decoding=\"async\" width=\"800\" height=\"321\" src=\"https:\/\/outsourcing-forum.org\/Portugal-ICT\/wp-content\/uploads\/2026\/03\/logo-all_banner_PT_event_3-rows-update_1200-1024x411.png\" class=\"attachment-large size-large wp-image-676\" alt=\"\" srcset=\"https:\/\/outsourcing-forum.org\/Portugal-ICT\/wp-content\/uploads\/2026\/03\/logo-all_banner_PT_event_3-rows-update_1200-1024x411.png 1024w, https:\/\/outsourcing-forum.org\/Portugal-ICT\/wp-content\/uploads\/2026\/03\/logo-all_banner_PT_event_3-rows-update_1200-300x121.png 300w, https:\/\/outsourcing-forum.org\/Portugal-ICT\/wp-content\/uploads\/2026\/03\/logo-all_banner_PT_event_3-rows-update_1200-768x308.png 768w, https:\/\/outsourcing-forum.org\/Portugal-ICT\/wp-content\/uploads\/2026\/03\/logo-all_banner_PT_event_3-rows-update_1200.png 1200w\" sizes=\"(max-width: 800px) 100vw, 800px\" \/>\t\t\t\t\t\t\t\t\t\t\t\t\t\t\t<\/div>\n\t\t\t\t<\/div>\n\t\t<div class=\"elementor-element elementor-element-b5cb474 e-con-full e-flex wpr-equal-height-no e-con e-child\" data-id=\"b5cb474\" data-element_type=\"container\" data-e-type=\"container\">\n\t\t\t\t<div class=\"elementor-element elementor-element-9ba1e3a elementor-widget elementor-widget-text-editor\" data-id=\"9ba1e3a\" data-element_type=\"widget\" data-e-type=\"widget\" data-widget_type=\"text-editor.default\">\n\t\t\t\t\t\t\t\t\t<p>Links<\/p>\t\t\t\t\t\t\t\t<\/div>\n\t\t\t\t<div class=\"elementor-element elementor-element-59488ab elementor-widget-divider--view-line elementor-widget elementor-widget-divider\" data-id=\"59488ab\" data-element_type=\"widget\" data-e-type=\"widget\" data-widget_type=\"divider.default\">\n\t\t\t\t\t\t\t<div class=\"elementor-divider\">\n\t\t\t<span class=\"elementor-divider-separator\">\n\t\t\t\t\t\t<\/span>\n\t\t<\/div>\n\t\t\t\t\t\t<\/div>\n\t\t\t\t<div class=\"elementor-element elementor-element-eb237a0 elementor-widget elementor-widget-text-editor\" data-id=\"eb237a0\" data-element_type=\"widget\" data-e-type=\"widget\" data-widget_type=\"text-editor.default\">\n\t\t\t\t\t\t\t\t\t<p><a href=\"https:\/\/outsourcing-forum.org\/Portugal-ICT\/index.php\/veranstalter\/\">Veranstalter<\/a><\/p><p><a href=\"https:\/\/outsourcing-forum.org\/Portugal-ICT\/index.php\/partner\/\">Partner<\/a><\/p><p><a href=\"https:\/\/outsourcing-forum.org\/Portugal-ICT\/index.php\/ict-portugal-2026-marktstudie\/\">Studie<\/a><\/p><p><a href=\"https:\/\/outsourcing-forum.org\/Portugal-ICT\/index.php\/verantsaltungsort\/\">Ort \/ Anreise<\/a><\/p><p><a href=\"https:\/\/outsourcing-verband.org\/de\/downloads\/\" target=\"_blank\" rel=\"noopener\">Weitere Ver\u00f6ffentlichungen<\/a><\/p><p><a href=\"https:\/\/ict-markets.eu\/\" target=\"_blank\" rel=\"noopener\">ICT Markets GmbH<\/a><\/p><p><a href=\"https:\/\/sourcingpartner.eu\/de\/\" target=\"_blank\" rel=\"noopener\">Sourcing Beratung<\/a><\/p><p><a href=\"https:\/\/outsourcing-journal.org\/\" target=\"_blank\" rel=\"noopener\">Outsourcing Journal<\/a><\/p><p><a href=\"https:\/\/vendormanagement-journal.de\/\" target=\"_blank\" rel=\"noopener\">Vendormanagement Journal\u00a0<\/a><\/p>\t\t\t\t\t\t\t\t<\/div>\n\t\t\t\t<\/div>\n\t\t<div class=\"elementor-element elementor-element-74a357d e-con-full e-flex wpr-equal-height-no e-con e-child\" data-id=\"74a357d\" data-element_type=\"container\" data-e-type=\"container\">\n\t\t\t\t<div class=\"elementor-element elementor-element-4bbe265 elementor-widget elementor-widget-text-editor\" data-id=\"4bbe265\" data-element_type=\"widget\" data-e-type=\"widget\" data-widget_type=\"text-editor.default\">\n\t\t\t\t\t\t\t\t\t<p>Kontakt<\/p>\t\t\t\t\t\t\t\t<\/div>\n\t\t\t\t<div class=\"elementor-element elementor-element-25b276b elementor-widget-divider--view-line elementor-widget elementor-widget-divider\" data-id=\"25b276b\" data-element_type=\"widget\" data-e-type=\"widget\" data-widget_type=\"divider.default\">\n\t\t\t\t\t\t\t<div class=\"elementor-divider\">\n\t\t\t<span class=\"elementor-divider-separator\">\n\t\t\t\t\t\t<\/span>\n\t\t<\/div>\n\t\t\t\t\t\t<\/div>\n\t\t\t\t<div class=\"elementor-element elementor-element-4f53805 elementor-widget elementor-widget-text-editor\" data-id=\"4f53805\" data-element_type=\"widget\" data-e-type=\"widget\" data-widget_type=\"text-editor.default\">\n\t\t\t\t\t\t\t\t\t<p><strong>Stephan Fricke<\/strong>, Vorstand, Deutscher Outsourcing Verband &amp; ICT Markets Analytics GmbH<\/p>\t\t\t\t\t\t\t\t<\/div>\n\t\t\t\t<div class=\"elementor-element elementor-element-585adbd elementor-widget elementor-widget-text-editor\" data-id=\"585adbd\" data-element_type=\"widget\" data-e-type=\"widget\" data-widget_type=\"text-editor.default\">\n\t\t\t\t\t\t\t\t\t<p>s.fricke@outsourcing-verband.org<\/p><p><a href=\"https:\/\/www.outsourcing-verband.org\" target=\"_blank\" rel=\"noopener\">www.outsourcing-verband.org<\/a><\/p>\t\t\t\t\t\t\t\t<\/div>\n\t\t\t\t<\/div>\n\t\t\t\t\t<\/div>\n\t\t\t\t<\/div>\n\t\t<div class=\"elementor-element elementor-element-fd376cb e-flex e-con-boxed wpr-equal-height-no e-con e-parent\" data-id=\"fd376cb\" data-element_type=\"container\" data-e-type=\"container\">\n\t\t\t\t\t<div class=\"e-con-inner\">\n\t\t<div class=\"elementor-element elementor-element-149b092 e-con-full e-flex wpr-equal-height-no e-con e-child\" data-id=\"149b092\" data-element_type=\"container\" data-e-type=\"container\">\n\t\t\t\t<div class=\"elementor-element elementor-element-62b1ec9 elementor-widget elementor-widget-text-editor\" data-id=\"62b1ec9\" data-element_type=\"widget\" data-e-type=\"widget\" data-widget_type=\"text-editor.default\">\n\t\t\t\t\t\t\t\t\t<p>Alle Rechte vorbehalten. Deutscher Outsourcing Verband e.V.<\/p>\t\t\t\t\t\t\t\t<\/div>\n\t\t\t\t<\/div>\n\t\t<div class=\"elementor-element elementor-element-ccf1c9a e-con-full e-flex wpr-equal-height-no e-con e-child\" data-id=\"ccf1c9a\" data-element_type=\"container\" data-e-type=\"container\">\n\t\t\t\t<div class=\"elementor-element elementor-element-082e279 elementor-widget elementor-widget-text-editor\" data-id=\"082e279\" data-element_type=\"widget\" data-e-type=\"widget\" data-widget_type=\"text-editor.default\">\n\t\t\t\t\t\t\t\t\t<p>Impressum\u00a0 \/\u00a0 Datenschutz<\/p>\t\t\t\t\t\t\t\t<\/div>\n\t\t\t\t<\/div>\n\t\t\t\t\t<\/div>\n\t\t\t\t<\/div>\n\t\t\t\t<\/div>\n\t\t","protected":false},"excerpt":{"rendered":"<p>Home Veranstalter Studie Partner Ort Home Veranstalter Studie Partner Ort ICT Sektorstudie Daten und Einblicke zum portugiesischen IKT Sektor Neue Marktstudie Portugal&#8217;s IKT-Sektor in 2026 Portugals IKT-Sektor hat sich zu einer der dynamischsten und exportorientiertesten Branchen des Landes entwickelt und vereint eine starke Dienstleistungsbasis mit einem wachsenden Innovations\u00f6kosystem. Der Markt zeichnet sich durch eine hohe Konzentration an Softwareentwicklung, IT-Dienstleistungen, Nearshoring und Shared-Service-Centern aus, unterst\u00fctzt durch wettbewerbsf\u00e4hige Arbeitskosten im Vergleich zu Westeuropa und eine mehrsprachige, technisch versierte Belegschaft. Wir m\u00f6chten Ihnen mehr Transparenz f\u00fcr Ihre potenziellen Kunden in Deutschland und anderen europ\u00e4ischen\/globalen M\u00e4rkten bieten, indem wir Marktdaten und Erkenntnisse generieren, die Portugals IKT-Kompetenz verdeutlichen. Dies ist eine Initiative der portugiesischen und deutschen IKT-Branchen zur F\u00f6rderung der Zusammenarbeit zwischen den L\u00e4ndern im IKT-Bereich. Die Studie wird ab 21.April 2026 zum kostenlosen Download bereit stehen. Take the survey here (english, for Portuguese ICT companies or companies with delivery centres in Portugal) Aktuelle Marktstudie Deutschsprachige Fachkr\u00e4fte in Portugal Diese Studie analysiert Angebot und Nachfrage deutschsprachiger Arbeitskr\u00e4fte in Portugal und richtet sich an Personalvermittler, Analysten und alle, die im Dienstleistungssektor mit Bezug zum deutschsprachigen Markt t\u00e4tig sind. Die Studie steht hier kostenlos zum Download bereit. Mitwirkende Links Veranstalter Partner Studie Ort \/ Anreise Weitere Ver\u00f6ffentlichungen ICT Markets GmbH Sourcing Beratung Outsourcing Journal Vendormanagement Journal\u00a0 Kontakt Stephan Fricke, Vorstand, Deutscher Outsourcing Verband &amp; ICT Markets Analytics GmbH s.fricke@outsourcing-verband.org www.outsourcing-verband.org Alle Rechte vorbehalten. Deutscher Outsourcing Verband e.V. Impressum\u00a0 \/\u00a0 Datenschutz<\/p>\n","protected":false},"author":1,"featured_media":0,"parent":0,"menu_order":0,"comment_status":"closed","ping_status":"closed","template":"elementor_canvas","meta":{"footnotes":""},"class_list":["post-496","page","type-page","status-publish","hentry"],"_links":{"self":[{"href":"https:\/\/outsourcing-forum.org\/Portugal-ICT\/index.php\/wp-json\/wp\/v2\/pages\/496","targetHints":{"allow":["GET"]}}],"collection":[{"href":"https:\/\/outsourcing-forum.org\/Portugal-ICT\/index.php\/wp-json\/wp\/v2\/pages"}],"about":[{"href":"https:\/\/outsourcing-forum.org\/Portugal-ICT\/index.php\/wp-json\/wp\/v2\/types\/page"}],"author":[{"embeddable":true,"href":"https:\/\/outsourcing-forum.org\/Portugal-ICT\/index.php\/wp-json\/wp\/v2\/users\/1"}],"replies":[{"embeddable":true,"href":"https:\/\/outsourcing-forum.org\/Portugal-ICT\/index.php\/wp-json\/wp\/v2\/comments?post=496"}],"version-history":[{"count":55,"href":"https:\/\/outsourcing-forum.org\/Portugal-ICT\/index.php\/wp-json\/wp\/v2\/pages\/496\/revisions"}],"predecessor-version":[{"id":683,"href":"https:\/\/outsourcing-forum.org\/Portugal-ICT\/index.php\/wp-json\/wp\/v2\/pages\/496\/revisions\/683"}],"wp:attachment":[{"href":"https:\/\/outsourcing-forum.org\/Portugal-ICT\/index.php\/wp-json\/wp\/v2\/media?parent=496"}],"curies":[{"name":"wp","href":"https:\/\/api.w.org\/{rel}","templated":true}]}}